{"id":636,"date":"2023-11-23T20:38:36","date_gmt":"2023-11-23T20:38:36","guid":{"rendered":"https:\/\/new.microendoperio.com\/?page_id=636"},"modified":"2024-09-15T21:39:25","modified_gmt":"2024-09-15T21:39:25","slug":"dr-yves-yana-endodontist","status":"publish","type":"page","link":"https:\/\/microendo.ca\/en\/dr-yves-yana-endodontist","title":{"rendered":"DR. YVES YANA, ENDODONTIST"},"content":{"rendered":"<p>[et_pb_section fb_built=&#8221;1&#8243; admin_label=&#8221;Profile&#8221; _builder_version=&#8221;4.23.1&#8243; custom_padding=&#8221;0px||||false|false&#8221; locked=&#8221;off&#8221; global_colors_info=&#8221;{}&#8221;][et_pb_row column_structure=&#8221;1_4,3_4&#8243; padding_top_bottom_link_2=&#8221;false&#8221; _builder_version=&#8221;4.23.1&#8243; global_colors_info=&#8221;{}&#8221;][et_pb_column type=&#8221;1_4&#8243; _builder_version=&#8221;4.16&#8243; custom_padding=&#8221;|||&#8221; global_colors_info=&#8221;{}&#8221; custom_padding__hover=&#8221;|||&#8221;][et_pb_image src=&#8221;https:\/\/microendo.ca\/wp-content\/uploads\/2023\/11\/IMG_0836-2.jpg&#8221; title_text=&#8221;IMG_0836-2&#8243; show_in_lightbox=&#8221;on&#8221; align_tablet=&#8221;center&#8221; align_phone=&#8221;center&#8221; align_last_edited=&#8221;on|desktop&#8221; _builder_version=&#8221;4.23.1&#8243; custom_margin=&#8221;|||&#8221; border_width_all=&#8221;1px&#8221; box_shadow_style=&#8221;preset3&#8243; box_shadow_vertical=&#8221;20px&#8221; box_shadow_blur=&#8221;30px&#8221; box_shadow_color=&#8221;rgba(173,180,208,0.2)&#8221; global_colors_info=&#8221;{}&#8221;][\/et_pb_image][\/et_pb_column][et_pb_column type=&#8221;3_4&#8243; _builder_version=&#8221;4.23.1&#8243; custom_padding=&#8221;||||false|false&#8221; custom_padding_tablet=&#8221;0px||0px|&#8221; custom_padding_last_edited=&#8221;off|desktop&#8221; global_colors_info=&#8221;{}&#8221; padding_tablet=&#8221;0px||0px|&#8221; padding_last_edited=&#8221;off|desktop&#8221; custom_padding__hover=&#8221;|||&#8221;][et_pb_text _builder_version=&#8221;4.23.1&#8243; text_font=&#8221;Open Sans||||||||&#8221; text_line_height=&#8221;2em&#8221; header_font=&#8221;||||||||&#8221; header_2_font=&#8221;Cantata One||||||||&#8221; header_2_line_height=&#8221;1.4em&#8221; header_2_font_size_tablet=&#8221;35px&#8221; header_2_font_size_phone=&#8221;25px&#8221; header_2_font_size_last_edited=&#8221;on|phone&#8221; global_colors_info=&#8221;{}&#8221;]<\/p>\n<h2>DR. YVES YANA, ENDODONTIST<\/h2>\n<p>Dr YANA obtained his general dentistry degree in 1984 from L\u2019Universit\u00e9 de Paris VII. He then enrolled in the French Armed Forces that same year. In 1986, he began his post-graduate studies in the specialty of Endodontics at Boston University. In 1989, he obtained a Masters degree in endodontics at the same University<\/p>\n<p>In 1990, he opened his endodontic office in Paris. He practiced in that field until 2012 while lecturing internationally at multiple meetings.<\/p>\n<p>From 2007 to 2013, he was an invited Professor in endodontics at l\u2019Universit\u00e9 Laval \u00e0 Qu\u00e9bec. In 2009, he obtained the title of Endodontist in Canada where he has been practicing endodontics full time since 2012.<\/p>\n<p>&nbsp;<\/p>\n<p>&nbsp;<\/p>\n<p>[\/et_pb_text][\/et_pb_column][\/et_pb_row][\/et_pb_section]<\/p>\n","protected":false},"excerpt":{"rendered":"<p>DR. YVES YANA, ENDODONTIST Dr YANA obtained his general dentistry degree in 1984 from L\u2019Universit\u00e9 de Paris VII. He then enrolled in the French Armed Forces that same year. In 1986, he began his post-graduate studies in the specialty of Endodontics at Boston University. In 1989, he obtained a Masters degree in endodontics at the [&hellip;]<\/p>\n","protected":false},"author":1,"featured_media":0,"parent":0,"menu_order":0,"comment_status":"closed","ping_status":"closed","template":"","meta":{"_et_pb_use_builder":"on","_et_pb_old_content":"","_et_gb_content_width":"","footnotes":""},"class_list":["post-636","page","type-page","status-publish","hentry"],"yoast_head":"<!-- This site is optimized with the Yoast SEO plugin v27.4 - https:\/\/yoast.com\/product\/yoast-seo-wordpress\/ -->\n<title>DR. YVES YANA, ENDODONTIST - Centre for Micro Endodontics and Periodontics in Montreal Quebec<\/title>\n<meta name=\"robots\" content=\"index, follow, max-snippet:-1, max-image-preview:large, max-video-preview:-1\" \/>\n<link rel=\"canonical\" href=\"https:\/\/microendo.ca\/dr-yves-yana-endodontist\" \/>\n<meta property=\"og:locale\" content=\"en_US\" \/>\n<meta property=\"og:type\" content=\"article\" \/>\n<meta property=\"og:title\" content=\"DR. YVES YANA, ENDODONTIST - Centre for Micro Endodontics and Periodontics in Montreal Quebec\" \/>\n<meta property=\"og:description\" content=\"DR. YVES YANA, ENDODONTIST Dr YANA obtained his general dentistry degree in 1984 from L\u2019Universit\u00e9 de Paris VII. He then enrolled in the French Armed Forces that same year. In 1986, he began his post-graduate studies in the specialty of Endodontics at Boston University. In 1989, he obtained a Masters degree in endodontics at the [&hellip;]\" \/>\n<meta property=\"og:url\" content=\"https:\/\/microendo.ca\/dr-yves-yana-endodontist\" \/>\n<meta property=\"og:site_name\" content=\"Centre for Micro Endodontics and Periodontics in Montreal Quebec\" \/>\n<meta property=\"article:modified_time\" content=\"2024-09-15T21:39:25+00:00\" \/>\n<meta name=\"twitter:card\" content=\"summary_large_image\" \/>\n<meta name=\"twitter:label1\" content=\"Est. reading time\" \/>\n\t<meta name=\"twitter:data1\" content=\"2 minutes\" \/>\n<script type=\"application\/ld+json\" class=\"yoast-schema-graph\">{\"@context\":\"https:\\\/\\\/schema.org\",\"@graph\":[{\"@type\":\"WebPage\",\"@id\":\"https:\\\/\\\/microendo.ca\\\/dr-yves-yana-endodontist\",\"url\":\"https:\\\/\\\/microendo.ca\\\/dr-yves-yana-endodontist\",\"name\":\"DR. YVES YANA, ENDODONTIST - Centre for Micro Endodontics and Periodontics in Montreal Quebec\",\"isPartOf\":{\"@id\":\"https:\\\/\\\/microendo.ca\\\/#website\"},\"datePublished\":\"2023-11-23T20:38:36+00:00\",\"dateModified\":\"2024-09-15T21:39:25+00:00\",\"breadcrumb\":{\"@id\":\"https:\\\/\\\/microendo.ca\\\/dr-yves-yana-endodontist#breadcrumb\"},\"inLanguage\":\"en-US\",\"potentialAction\":[{\"@type\":\"ReadAction\",\"target\":[\"https:\\\/\\\/microendo.ca\\\/dr-yves-yana-endodontist\"]}]},{\"@type\":\"BreadcrumbList\",\"@id\":\"https:\\\/\\\/microendo.ca\\\/dr-yves-yana-endodontist#breadcrumb\",\"itemListElement\":[{\"@type\":\"ListItem\",\"position\":1,\"name\":\"Accueil\",\"item\":\"https:\\\/\\\/microendo.ca\\\/\"},{\"@type\":\"ListItem\",\"position\":2,\"name\":\"DR. YVES YANA, ENDODONTIST\"}]},{\"@type\":\"WebSite\",\"@id\":\"https:\\\/\\\/microendo.ca\\\/#website\",\"url\":\"https:\\\/\\\/microendo.ca\\\/\",\"name\":\"Centre for Micro Endodontics and Periodontics in Montreal Quebec\",\"description\":\"\",\"potentialAction\":[{\"@type\":\"SearchAction\",\"target\":{\"@type\":\"EntryPoint\",\"urlTemplate\":\"https:\\\/\\\/microendo.ca\\\/?s={search_term_string}\"},\"query-input\":{\"@type\":\"PropertyValueSpecification\",\"valueRequired\":true,\"valueName\":\"search_term_string\"}}],\"inLanguage\":\"en-US\"}]}<\/script>\n<!-- \/ Yoast SEO plugin. -->","yoast_head_json":{"title":"DR. YVES YANA, ENDODONTIST - Centre for Micro Endodontics and Periodontics in Montreal Quebec","robots":{"index":"index","follow":"follow","max-snippet":"max-snippet:-1","max-image-preview":"max-image-preview:large","max-video-preview":"max-video-preview:-1"},"canonical":"https:\/\/microendo.ca\/dr-yves-yana-endodontist","og_locale":"en_US","og_type":"article","og_title":"DR. YVES YANA, ENDODONTIST - Centre for Micro Endodontics and Periodontics in Montreal Quebec","og_description":"DR. YVES YANA, ENDODONTIST Dr YANA obtained his general dentistry degree in 1984 from L\u2019Universit\u00e9 de Paris VII. He then enrolled in the French Armed Forces that same year. In 1986, he began his post-graduate studies in the specialty of Endodontics at Boston University. In 1989, he obtained a Masters degree in endodontics at the [&hellip;]","og_url":"https:\/\/microendo.ca\/dr-yves-yana-endodontist","og_site_name":"Centre for Micro Endodontics and Periodontics in Montreal Quebec","article_modified_time":"2024-09-15T21:39:25+00:00","twitter_card":"summary_large_image","twitter_misc":{"Est. reading time":"2 minutes"},"schema":{"@context":"https:\/\/schema.org","@graph":[{"@type":"WebPage","@id":"https:\/\/microendo.ca\/dr-yves-yana-endodontist","url":"https:\/\/microendo.ca\/dr-yves-yana-endodontist","name":"DR. YVES YANA, ENDODONTIST - Centre for Micro Endodontics and Periodontics in Montreal Quebec","isPartOf":{"@id":"https:\/\/microendo.ca\/#website"},"datePublished":"2023-11-23T20:38:36+00:00","dateModified":"2024-09-15T21:39:25+00:00","breadcrumb":{"@id":"https:\/\/microendo.ca\/dr-yves-yana-endodontist#breadcrumb"},"inLanguage":"en-US","potentialAction":[{"@type":"ReadAction","target":["https:\/\/microendo.ca\/dr-yves-yana-endodontist"]}]},{"@type":"BreadcrumbList","@id":"https:\/\/microendo.ca\/dr-yves-yana-endodontist#breadcrumb","itemListElement":[{"@type":"ListItem","position":1,"name":"Accueil","item":"https:\/\/microendo.ca\/"},{"@type":"ListItem","position":2,"name":"DR. YVES YANA, ENDODONTIST"}]},{"@type":"WebSite","@id":"https:\/\/microendo.ca\/#website","url":"https:\/\/microendo.ca\/","name":"Centre for Micro Endodontics and Periodontics in Montreal Quebec","description":"","potentialAction":[{"@type":"SearchAction","target":{"@type":"EntryPoint","urlTemplate":"https:\/\/microendo.ca\/?s={search_term_string}"},"query-input":{"@type":"PropertyValueSpecification","valueRequired":true,"valueName":"search_term_string"}}],"inLanguage":"en-US"}]}},"_links":{"self":[{"href":"https:\/\/microendo.ca\/en\/wp-json\/wp\/v2\/pages\/636","targetHints":{"allow":["GET"]}}],"collection":[{"href":"https:\/\/microendo.ca\/en\/wp-json\/wp\/v2\/pages"}],"about":[{"href":"https:\/\/microendo.ca\/en\/wp-json\/wp\/v2\/types\/page"}],"author":[{"embeddable":true,"href":"https:\/\/microendo.ca\/en\/wp-json\/wp\/v2\/users\/1"}],"replies":[{"embeddable":true,"href":"https:\/\/microendo.ca\/en\/wp-json\/wp\/v2\/comments?post=636"}],"version-history":[{"count":6,"href":"https:\/\/microendo.ca\/en\/wp-json\/wp\/v2\/pages\/636\/revisions"}],"predecessor-version":[{"id":1379,"href":"https:\/\/microendo.ca\/en\/wp-json\/wp\/v2\/pages\/636\/revisions\/1379"}],"wp:attachment":[{"href":"https:\/\/microendo.ca\/en\/wp-json\/wp\/v2\/media?parent=636"}],"curies":[{"name":"wp","href":"https:\/\/api.w.org\/{rel}","templated":true}]}}